{"id":140,"date":"2024-02-16T15:54:04","date_gmt":"2024-02-16T14:54:04","guid":{"rendered":"https:\/\/decabildoabogados.es\/?page_id=140"},"modified":"2024-07-19T14:43:04","modified_gmt":"2024-07-19T12:43:04","slug":"advocats-bancaris-tarragona","status":"publish","type":"page","link":"https:\/\/decabildoabogados.es\/ca\/advocats-bancaris-tarragona\/","title":{"rendered":"DRET BANCARI"},"content":{"rendered":"\t\t<div data-elementor-type=\"wp-page\" data-elementor-id=\"140\" class=\"elementor elementor-140\" data-elementor-post-type=\"page\">\n\t\t\t\t\t\t<section class=\"elementor-section elementor-top-section elementor-element elementor-element-60347d09 elementor-section-boxed elementor-section-height-default elementor-section-height-default\" data-id=\"60347d09\" data-element_type=\"section\">\n\t\t\t\t\t\t<div class=\"elementor-container elementor-column-gap-default\">\n\t\t\t\t\t<div class=\"elementor-column elementor-col-100 elementor-top-column elementor-element elementor-element-1b5faf5a\" data-id=\"1b5faf5a\" data-element_type=\"column\">\n\t\t\t<div class=\"elementor-widget-wrap elementor-element-populated\">\n\t\t\t\t\t\t<div class=\"elementor-element elementor-element-21694fa8 elementor-widget elementor-widget-heading\" data-id=\"21694fa8\" data-element_type=\"widget\" data-widget_type=\"heading.default\">\n\t\t\t\t<div class=\"elementor-widget-container\">\n\t\t\t<style>\/*! elementor - v3.19.0 - 07-02-2024 *\/\n.elementor-heading-title{padding:0;margin:0;line-height:1}.elementor-widget-heading .elementor-heading-title[class*=elementor-size-]>a{color:inherit;font-size:inherit;line-height:inherit}.elementor-widget-heading .elementor-heading-title.elementor-size-small{font-size:15px}.elementor-widget-heading .elementor-heading-title.elementor-size-medium{font-size:19px}.elementor-widget-heading .elementor-heading-title.elementor-size-large{font-size:29px}.elementor-widget-heading .elementor-heading-title.elementor-size-xl{font-size:39px}.elementor-widget-heading .elementor-heading-title.elementor-size-xxl{font-size:59px}<\/style><h1 class=\"elementor-heading-title elementor-size-default\">Advocats bancaris a Tarragona<\/h1>\t\t<\/div>\n\t\t\t\t<\/div>\n\t\t\t\t<div class=\"elementor-element elementor-element-6cca4f9d elementor-widget elementor-widget-text-editor\" data-id=\"6cca4f9d\" data-element_type=\"widget\" data-widget_type=\"text-editor.default\">\n\t\t\t\t<div class=\"elementor-widget-container\">\n\t\t\t<style>\/*! elementor - v3.19.0 - 07-02-2024 *\/\n.elementor-widget-text-editor.elementor-drop-cap-view-stacked .elementor-drop-cap{background-color:#69727d;color:#fff}.elementor-widget-text-editor.elementor-drop-cap-view-framed .elementor-drop-cap{color:#69727d;border:3px solid;background-color:transparent}.elementor-widget-text-editor:not(.elementor-drop-cap-view-default) .elementor-drop-cap{margin-top:8px}.elementor-widget-text-editor:not(.elementor-drop-cap-view-default) .elementor-drop-cap-letter{width:1em;height:1em}.elementor-widget-text-editor .elementor-drop-cap{float:left;text-align:center;line-height:1;font-size:50px}.elementor-widget-text-editor .elementor-drop-cap-letter{display:inline-block}<\/style>\t\t\t\tA DeCabildo Advocats ens sentim orgullosos de ser un despatx l\u00edder en serveis legals especialitzats en l&#8217;\u00e0mbit financer i bancari. El nostre equip, compost per experimentats <b>advocats de dret bancari a Tarragona<\/b>, es dedica a proporcionar solucions legals efectives i personalitzades a cadascun dels nostres clients.\nEntenem que el m\u00f3n bancari pot ser complex i desafiador. Per aix\u00f2, el seu advocat financer de confian\u00e7a es compromet a oferir-vos assessorament clar i prec\u00eds, ajudant-lo a navegar pels intricats camins del dret bancari. Som aqu\u00ed per brindar-li tot el nostre suport.\t\t\t\t\t\t<\/div>\n\t\t\t\t<\/div>\n\t\t\t\t\t<\/div>\n\t\t<\/div>\n\t\t\t\t\t<\/div>\n\t\t<\/section>\n\t\t\t\t<section class=\"elementor-section elementor-top-section elementor-element elementor-element-4e5f13ee elementor-section-boxed elementor-section-height-default elementor-section-height-default\" data-id=\"4e5f13ee\" data-element_type=\"section\">\n\t\t\t\t\t\t<div class=\"elementor-container elementor-column-gap-default\">\n\t\t\t\t\t<div class=\"elementor-column elementor-col-100 elementor-top-column elementor-element elementor-element-7ffd50e\" data-id=\"7ffd50e\" data-element_type=\"column\">\n\t\t\t<div class=\"elementor-widget-wrap elementor-element-populated\">\n\t\t\t\t\t\t<div class=\"elementor-element elementor-element-6f723274 elementor-widget elementor-widget-heading\" data-id=\"6f723274\" data-element_type=\"widget\" data-widget_type=\"heading.default\">\n\t\t\t\t<div class=\"elementor-widget-container\">\n\t\t\t<h2 class=\"elementor-heading-title elementor-size-default\">Advocat financer a Tarragona<\/h2>\t\t<\/div>\n\t\t\t\t<\/div>\n\t\t\t\t<section class=\"elementor-section elementor-inner-section elementor-element elementor-element-44e7c03d elementor-section-boxed elementor-section-height-default elementor-section-height-default\" data-id=\"44e7c03d\" data-element_type=\"section\">\n\t\t\t\t\t\t<div class=\"elementor-container elementor-column-gap-default\">\n\t\t\t\t\t<div class=\"elementor-column elementor-col-50 elementor-inner-column elementor-element elementor-element-12389c28\" data-id=\"12389c28\" data-element_type=\"column\">\n\t\t\t<div class=\"elementor-widget-wrap elementor-element-populated\">\n\t\t\t\t\t\t<div class=\"elementor-element elementor-element-74ef08f6 elementor-widget elementor-widget-text-editor\" data-id=\"74ef08f6\" data-element_type=\"widget\" data-widget_type=\"text-editor.default\">\n\t\t\t\t<div class=\"elementor-widget-container\">\n\t\t\t\t\t\t\tCom a <b>advocats de dret bancari a Tarragona<\/b>, posem a la vostra disposici\u00f3 tota la nostra experi\u00e8ncia i coneixements en el sector. Tenim una gran habilitat per tractar multitud d&#8217;assumptes legals bancaris. Cada cas ser\u00e0 tractat amb la m\u00e0xima professionalitat, serietat, rapidesa i rigor.\nEl nostre objectiu \u00e9s garantir que tots els seus drets siguin respectats i que sigui capa\u00e7 d&#8217;obtenir les millors condicions possibles en totes les transaccions financeres i legals. El convidem a descobrir m\u00e9s sobre el nostre cat\u00e0leg de serveis i com podem ajudar-lo en les vostres necessitats legals. Si necessiteu un <b>advocat especialista en dret bancari de Tarragona<\/b>, confieu en el nostre prestigi\u00f3s bufet.\t\t\t\t\t\t<\/div>\n\t\t\t\t<\/div>\n\t\t\t\t\t<\/div>\n\t\t<\/div>\n\t\t\t\t<div class=\"elementor-column elementor-col-50 elementor-inner-column elementor-element elementor-element-55c32d79\" data-id=\"55c32d79\" data-element_type=\"column\">\n\t\t\t<div class=\"elementor-widget-wrap elementor-element-populated\">\n\t\t\t\t\t\t<div class=\"elementor-element elementor-element-75f90497 elementor-widget elementor-widget-image\" data-id=\"75f90497\" data-element_type=\"widget\" data-widget_type=\"image.default\">\n\t\t\t\t<div class=\"elementor-widget-container\">\n\t\t\t<style>\/*! elementor - v3.19.0 - 07-02-2024 *\/\n.elementor-widget-image{text-align:center}.elementor-widget-image a{display:inline-block}.elementor-widget-image a img[src$=\".svg\"]{width:48px}.elementor-widget-image img{vertical-align:middle;display:inline-block}<\/style>\t\t\t\t\t\t\t\t\t\t<img fetchpriority=\"high\" decoding=\"async\" width=\"800\" height=\"450\" src=\"https:\/\/decabildoabogados.es\/ca\/wp-content\/uploads\/2024\/02\/derecho_financiero-1.webp\" class=\"attachment-large size-large wp-image-143\" alt=\"derecho relacionado con bancos\" srcset=\"https:\/\/decabildoabogados.es\/ca\/wp-content\/uploads\/2024\/02\/derecho_financiero-1.webp 800w, https:\/\/decabildoabogados.es\/ca\/wp-content\/uploads\/2024\/02\/derecho_financiero-1-300x169.webp 300w, https:\/\/decabildoabogados.es\/ca\/wp-content\/uploads\/2024\/02\/derecho_financiero-1-768x432.webp 768w\" sizes=\"(max-width: 800px) 100vw, 800px\" \/>\t\t\t\t\t\t\t\t\t\t\t\t\t<\/div>\n\t\t\t\t<\/div>\n\t\t\t\t\t<\/div>\n\t\t<\/div>\n\t\t\t\t\t<\/div>\n\t\t<\/section>\n\t\t\t\t\t<\/div>\n\t\t<\/div>\n\t\t\t\t\t<\/div>\n\t\t<\/section>\n\t\t\t\t<section class=\"elementor-section elementor-top-section elementor-element elementor-element-7aab04b3 elementor-section-boxed elementor-section-height-default elementor-section-height-default\" data-id=\"7aab04b3\" data-element_type=\"section\">\n\t\t\t\t\t\t<div class=\"elementor-container elementor-column-gap-default\">\n\t\t\t\t\t<div class=\"elementor-column elementor-col-100 elementor-top-column elementor-element elementor-element-6511f8f9\" data-id=\"6511f8f9\" data-element_type=\"column\">\n\t\t\t<div class=\"elementor-widget-wrap elementor-element-populated\">\n\t\t\t\t\t\t<div class=\"elementor-element elementor-element-f5c7093 elementor-widget elementor-widget-heading\" data-id=\"f5c7093\" data-element_type=\"widget\" data-widget_type=\"heading.default\">\n\t\t\t\t<div class=\"elementor-widget-container\">\n\t\t\t<h2 class=\"elementor-heading-title elementor-size-default\">Serveis en Dret Bancari a DeCabildo Advocats<\/h2>\t\t<\/div>\n\t\t\t\t<\/div>\n\t\t\t\t<div class=\"elementor-element elementor-element-713b090d elementor-widget elementor-widget-text-editor\" data-id=\"713b090d\" data-element_type=\"widget\" data-widget_type=\"text-editor.default\">\n\t\t\t\t<div class=\"elementor-widget-container\">\n\t\t\t\t\t\t\t<h3>Assessoria Financera<\/h3><p>Els nostres advocats de dret bancari a Tarragona ofereixen serveis d\u00b4assessoria financera especialitzada. Ens enfoquem en la planificaci\u00f3 financera, la gesti\u00f3 d&#8217;inversions i l&#8217;assessorament en l&#8217;estructuraci\u00f3 de patrimonis i actius. Assegurem que els nostres clients prenguin decisions financeres informades i segures.<\/p><h3><a name=\"_pf7i2wygaskh\"><\/a>Negociaci\u00f3 amb Entitats Banc\u00e0ries<\/h3><p>Cada advocat financer del nostre bufet est\u00e0 altament capacitat per negociar amb entitats banc\u00e0ries. Oferim representaci\u00f3 i assessorament en la negociaci\u00f3 de condicions de pr\u00e9stecs, hipoteques i altres productes financers.<\/p><h3><a name=\"_c6ncf414ppwi\"><\/a>Cl\u00e0usula S\u00f2l i Altres Productes Bancaris<\/h3><p>Estem especialitzats en la revisi\u00f3 i disputa de cl\u00e0usules terra i altres termes abusius en contractes bancaris. El nostre equip tamb\u00e9 maneja casos relacionats amb participacions preferents, hipoteca multidivisa i targetes revolving. El nostre bufet tamb\u00e9 disposa de <a href=\"https:\/\/decabildoabogados.es\/ca\/advocats-immobiliaris-tarragona\/\">advocat immobiliari a Tarragona<\/a>.<\/p><h3><a name=\"_uksamje3phxk\"><\/a>Solucions a Productes Derivats: Swaps i Avals<\/h3><p>Oferim solucions legals en productes financers complexos com ara swaps i avals. El nostre equip est\u00e0 perfectament qualificat per assessorar sobre aquests instruments, ajudant els nostres clients a entendre i manejar els riscos associats.<\/p><h3><a name=\"_vk8s3qpfqhly\"><\/a>Defensa contra Hipoteques Abusives<\/h3><p>Defensem els nostres clients contra pr\u00e0ctiques abusives en hipoteques. El nostre objectiu \u00e9s assegurar que es respectin els seus drets i obtenir les millors condicions possibles als seus acords hipotecaris.<\/p><h3><a name=\"_8sgnbrx5flpt\"><\/a>Assessorament Jur\u00eddic General<\/h3><p>Com a advocats en dret financer, proporcionem assessorament jur\u00eddic integral en diversos aspectes del dret bancari i financer. Aix\u00f2 inclou la interpretaci\u00f3 i l&#8217;aplicaci\u00f3 de lleis, regulacions i la preparaci\u00f3 de documentaci\u00f3 legal.<\/p><h3><a name=\"_dzls981md7k0\"><\/a>Pr\u00e9stecs personals<\/h3><p>Oferim assessorament en l&#8217;obtenci\u00f3 i la gesti\u00f3 de pr\u00e9stecs personals, garantint que les condicions siguin justes i conforme a la normativa vigent.<\/p><p style=\"text-align: left;\" align=\"center\"><strong>ESTUDIAR \u2013 VALORAR \u2013 PLANIFICAR \u2013 EXECUTAR<\/strong><\/p>\t\t\t\t\t\t<\/div>\n\t\t\t\t<\/div>\n\t\t\t\t\t<\/div>\n\t\t<\/div>\n\t\t\t\t\t<\/div>\n\t\t<\/section>\n\t\t\t\t<\/div>\n\t\t","protected":false},"excerpt":{"rendered":"<p>Advocats bancaris a Tarragona A DeCabildo Advocats ens sentim orgullosos de ser un despatx l\u00edder en serveis legals especialitzats en [&hellip;]<\/p>\n","protected":false},"author":1,"featured_media":0,"parent":0,"menu_order":0,"comment_status":"closed","ping_status":"closed","template":"","meta":{"site-sidebar-layout":"no-sidebar","site-content-layout":"","ast-site-content-layout":"full-width-container","site-content-style":"default","site-sidebar-style":"default","ast-global-header-display":"","ast-banner-title-visibility":"","ast-main-header-display":"","ast-hfb-above-header-display":"","ast-hfb-below-header-display":"","ast-hfb-mobile-header-display":"","site-post-title":"disabled","ast-breadcrumbs-content":"","ast-featured-img":"disabled","footer-sml-layout":"","theme-transparent-header-meta":"","adv-header-id-meta":"","stick-header-meta":"","header-above-stick-meta":"","header-main-stick-meta":"","header-below-stick-meta":"","astra-migrate-meta-layouts":"default","ast-page-background-enabled":"default","ast-page-background-meta":{"desktop":{"background-color":"var(--ast-global-color-4)","background-image":"","background-repeat":"repeat","background-position":"center center","background-size":"auto","background-attachment":"scroll","background-type":"","background-media":"","overlay-type":"","overlay-color":"","overlay-gradient":""},"tablet":{"background-color":"","background-image":"","background-repeat":"repeat","background-position":"center center","background-size":"auto","background-attachment":"scroll","background-type":"","background-media":"","overlay-type":"","overlay-color":"","overlay-gradient":""},"mobile":{"background-color":"","background-image":"","background-repeat":"repeat","background-position":"center center","background-size":"auto","background-attachment":"scroll","background-type":"","background-media":"","overlay-type":"","overlay-color":"","overlay-gradient":""}},"ast-content-background-meta":{"desktop":{"background-color":"var(--ast-global-color-5)","background-image":"","background-repeat":"repeat","background-position":"center center","background-size":"auto","background-attachment":"scroll","background-type":"","background-media":"","overlay-type":"","overlay-color":"","overlay-gradient":""},"tablet":{"background-color":"var(--ast-global-color-5)","background-image":"","background-repeat":"repeat","background-position":"center center","background-size":"auto","background-attachment":"scroll","background-type":"","background-media":"","overlay-type":"","overlay-color":"","overlay-gradient":""},"mobile":{"background-color":"var(--ast-global-color-5)","background-image":"","background-repeat":"repeat","background-position":"center center","background-size":"auto","background-attachment":"scroll","background-type":"","background-media":"","overlay-type":"","overlay-color":"","overlay-gradient":""}},"footnotes":""},"class_list":["post-140","page","type-page","status-publish","hentry"],"yoast_head":"<!-- This site is optimized with the Yoast SEO plugin v24.2 - https:\/\/yoast.com\/wordpress\/plugins\/seo\/ -->\n<title>Advocats bancaris Tarragona. Advocat financer<\/title>\n<meta name=\"description\" content=\"DeCabildo Advocats. Advocats de dret bancari a Tarragona. Assessorament en reclamacions contra bancs, cl\u00e0usules abusives i m\u00e9s\" \/>\n<meta name=\"robots\" content=\"index, follow, max-snippet:-1, max-image-preview:large, max-video-preview:-1\" \/>\n<link rel=\"canonical\" href=\"https:\/\/decabildoabogados.es\/ca\/advocats-bancaris-tarragona\/\" \/>\n<meta property=\"og:locale\" content=\"ca_ES\" \/>\n<meta property=\"og:type\" content=\"article\" \/>\n<meta property=\"og:title\" content=\"Advocats bancaris Tarragona. Advocat financer\" \/>\n<meta property=\"og:description\" content=\"DeCabildo Advocats. Advocats de dret bancari a Tarragona. Assessorament en reclamacions contra bancs, cl\u00e0usules abusives i m\u00e9s\" \/>\n<meta property=\"og:url\" content=\"https:\/\/decabildoabogados.es\/ca\/advocats-bancaris-tarragona\/\" \/>\n<meta property=\"og:site_name\" content=\"decabildo Abogados\" \/>\n<meta property=\"article:modified_time\" content=\"2024-07-19T12:43:04+00:00\" \/>\n<meta property=\"og:image\" content=\"https:\/\/decabildoabogados.es\/ca\/wp-content\/uploads\/2024\/02\/derecho_financiero-1.webp\" \/>\n<meta name=\"twitter:card\" content=\"summary_large_image\" \/>\n<meta name=\"twitter:label1\" content=\"Temps estimat de lectura\" \/>\n\t<meta name=\"twitter:data1\" content=\"3 minuts\" \/>\n<script type=\"application\/ld+json\" class=\"yoast-schema-graph\">{\"@context\":\"https:\/\/schema.org\",\"@graph\":[{\"@type\":\"WebPage\",\"@id\":\"https:\/\/decabildoabogados.es\/ca\/advocats-bancaris-tarragona\/\",\"url\":\"https:\/\/decabildoabogados.es\/ca\/advocats-bancaris-tarragona\/\",\"name\":\"Advocats bancaris Tarragona. Advocat financer\",\"isPartOf\":{\"@id\":\"https:\/\/decabildoabogados.es\/ca\/#website\"},\"primaryImageOfPage\":{\"@id\":\"https:\/\/decabildoabogados.es\/ca\/advocats-bancaris-tarragona\/#primaryimage\"},\"image\":{\"@id\":\"https:\/\/decabildoabogados.es\/ca\/advocats-bancaris-tarragona\/#primaryimage\"},\"thumbnailUrl\":\"https:\/\/decabildoabogados.es\/ca\/wp-content\/uploads\/2024\/02\/derecho_financiero-1.webp\",\"datePublished\":\"2024-02-16T14:54:04+00:00\",\"dateModified\":\"2024-07-19T12:43:04+00:00\",\"description\":\"DeCabildo Advocats. Advocats de dret bancari a Tarragona. Assessorament en reclamacions contra bancs, cl\u00e0usules abusives i m\u00e9s\",\"breadcrumb\":{\"@id\":\"https:\/\/decabildoabogados.es\/ca\/advocats-bancaris-tarragona\/#breadcrumb\"},\"inLanguage\":\"ca\",\"potentialAction\":[{\"@type\":\"ReadAction\",\"target\":[\"https:\/\/decabildoabogados.es\/ca\/advocats-bancaris-tarragona\/\"]}]},{\"@type\":\"ImageObject\",\"inLanguage\":\"ca\",\"@id\":\"https:\/\/decabildoabogados.es\/ca\/advocats-bancaris-tarragona\/#primaryimage\",\"url\":\"https:\/\/decabildoabogados.es\/ca\/wp-content\/uploads\/2024\/02\/derecho_financiero-1.webp\",\"contentUrl\":\"https:\/\/decabildoabogados.es\/ca\/wp-content\/uploads\/2024\/02\/derecho_financiero-1.webp\",\"width\":800,\"height\":450,\"caption\":\"derecho relacionado con bancos\"},{\"@type\":\"BreadcrumbList\",\"@id\":\"https:\/\/decabildoabogados.es\/ca\/advocats-bancaris-tarragona\/#breadcrumb\",\"itemListElement\":[{\"@type\":\"ListItem\",\"position\":1,\"name\":\"Portada\",\"item\":\"https:\/\/decabildoabogados.es\/ca\/\"},{\"@type\":\"ListItem\",\"position\":2,\"name\":\"DRET BANCARI\"}]},{\"@type\":\"WebSite\",\"@id\":\"https:\/\/decabildoabogados.es\/ca\/#website\",\"url\":\"https:\/\/decabildoabogados.es\/ca\/\",\"name\":\"Decabildo Abogados\",\"description\":\"\",\"publisher\":{\"@id\":\"https:\/\/decabildoabogados.es\/ca\/#organization\"},\"potentialAction\":[{\"@type\":\"SearchAction\",\"target\":{\"@type\":\"EntryPoint\",\"urlTemplate\":\"https:\/\/decabildoabogados.es\/ca\/?s={search_term_string}\"},\"query-input\":{\"@type\":\"PropertyValueSpecification\",\"valueRequired\":true,\"valueName\":\"search_term_string\"}}],\"inLanguage\":\"ca\"},{\"@type\":\"Organization\",\"@id\":\"https:\/\/decabildoabogados.es\/ca\/#organization\",\"name\":\"Decabildo Abogados\",\"url\":\"https:\/\/decabildoabogados.es\/ca\/\",\"logo\":{\"@type\":\"ImageObject\",\"inLanguage\":\"ca\",\"@id\":\"https:\/\/decabildoabogados.es\/ca\/#\/schema\/logo\/image\/\",\"url\":\"https:\/\/decabildoabogados.es\/ca\/wp-content\/uploads\/2024\/02\/cropped-logo_decabildo_es.webp\",\"contentUrl\":\"https:\/\/decabildoabogados.es\/ca\/wp-content\/uploads\/2024\/02\/cropped-logo_decabildo_es.webp\",\"width\":357,\"height\":171,\"caption\":\"Decabildo Abogados\"},\"image\":{\"@id\":\"https:\/\/decabildoabogados.es\/ca\/#\/schema\/logo\/image\/\"}}]}<\/script>\n<!-- \/ Yoast SEO plugin. -->","yoast_head_json":{"title":"Advocats bancaris Tarragona. Advocat financer","description":"DeCabildo Advocats. Advocats de dret bancari a Tarragona. Assessorament en reclamacions contra bancs, cl\u00e0usules abusives i m\u00e9s","robots":{"index":"index","follow":"follow","max-snippet":"max-snippet:-1","max-image-preview":"max-image-preview:large","max-video-preview":"max-video-preview:-1"},"canonical":"https:\/\/decabildoabogados.es\/ca\/advocats-bancaris-tarragona\/","og_locale":"ca_ES","og_type":"article","og_title":"Advocats bancaris Tarragona. Advocat financer","og_description":"DeCabildo Advocats. Advocats de dret bancari a Tarragona. Assessorament en reclamacions contra bancs, cl\u00e0usules abusives i m\u00e9s","og_url":"https:\/\/decabildoabogados.es\/ca\/advocats-bancaris-tarragona\/","og_site_name":"decabildo Abogados","article_modified_time":"2024-07-19T12:43:04+00:00","og_image":[{"url":"https:\/\/decabildoabogados.es\/ca\/wp-content\/uploads\/2024\/02\/derecho_financiero-1.webp","type":"","width":"","height":""}],"twitter_card":"summary_large_image","twitter_misc":{"Temps estimat de lectura":"3 minuts"},"schema":{"@context":"https:\/\/schema.org","@graph":[{"@type":"WebPage","@id":"https:\/\/decabildoabogados.es\/ca\/advocats-bancaris-tarragona\/","url":"https:\/\/decabildoabogados.es\/ca\/advocats-bancaris-tarragona\/","name":"Advocats bancaris Tarragona. Advocat financer","isPartOf":{"@id":"https:\/\/decabildoabogados.es\/ca\/#website"},"primaryImageOfPage":{"@id":"https:\/\/decabildoabogados.es\/ca\/advocats-bancaris-tarragona\/#primaryimage"},"image":{"@id":"https:\/\/decabildoabogados.es\/ca\/advocats-bancaris-tarragona\/#primaryimage"},"thumbnailUrl":"https:\/\/decabildoabogados.es\/ca\/wp-content\/uploads\/2024\/02\/derecho_financiero-1.webp","datePublished":"2024-02-16T14:54:04+00:00","dateModified":"2024-07-19T12:43:04+00:00","description":"DeCabildo Advocats. Advocats de dret bancari a Tarragona. Assessorament en reclamacions contra bancs, cl\u00e0usules abusives i m\u00e9s","breadcrumb":{"@id":"https:\/\/decabildoabogados.es\/ca\/advocats-bancaris-tarragona\/#breadcrumb"},"inLanguage":"ca","potentialAction":[{"@type":"ReadAction","target":["https:\/\/decabildoabogados.es\/ca\/advocats-bancaris-tarragona\/"]}]},{"@type":"ImageObject","inLanguage":"ca","@id":"https:\/\/decabildoabogados.es\/ca\/advocats-bancaris-tarragona\/#primaryimage","url":"https:\/\/decabildoabogados.es\/ca\/wp-content\/uploads\/2024\/02\/derecho_financiero-1.webp","contentUrl":"https:\/\/decabildoabogados.es\/ca\/wp-content\/uploads\/2024\/02\/derecho_financiero-1.webp","width":800,"height":450,"caption":"derecho relacionado con bancos"},{"@type":"BreadcrumbList","@id":"https:\/\/decabildoabogados.es\/ca\/advocats-bancaris-tarragona\/#breadcrumb","itemListElement":[{"@type":"ListItem","position":1,"name":"Portada","item":"https:\/\/decabildoabogados.es\/ca\/"},{"@type":"ListItem","position":2,"name":"DRET BANCARI"}]},{"@type":"WebSite","@id":"https:\/\/decabildoabogados.es\/ca\/#website","url":"https:\/\/decabildoabogados.es\/ca\/","name":"Decabildo Abogados","description":"","publisher":{"@id":"https:\/\/decabildoabogados.es\/ca\/#organization"},"potentialAction":[{"@type":"SearchAction","target":{"@type":"EntryPoint","urlTemplate":"https:\/\/decabildoabogados.es\/ca\/?s={search_term_string}"},"query-input":{"@type":"PropertyValueSpecification","valueRequired":true,"valueName":"search_term_string"}}],"inLanguage":"ca"},{"@type":"Organization","@id":"https:\/\/decabildoabogados.es\/ca\/#organization","name":"Decabildo Abogados","url":"https:\/\/decabildoabogados.es\/ca\/","logo":{"@type":"ImageObject","inLanguage":"ca","@id":"https:\/\/decabildoabogados.es\/ca\/#\/schema\/logo\/image\/","url":"https:\/\/decabildoabogados.es\/ca\/wp-content\/uploads\/2024\/02\/cropped-logo_decabildo_es.webp","contentUrl":"https:\/\/decabildoabogados.es\/ca\/wp-content\/uploads\/2024\/02\/cropped-logo_decabildo_es.webp","width":357,"height":171,"caption":"Decabildo Abogados"},"image":{"@id":"https:\/\/decabildoabogados.es\/ca\/#\/schema\/logo\/image\/"}}]}},"_links":{"self":[{"href":"https:\/\/decabildoabogados.es\/ca\/wp-json\/wp\/v2\/pages\/140","targetHints":{"allow":["GET"]}}],"collection":[{"href":"https:\/\/decabildoabogados.es\/ca\/wp-json\/wp\/v2\/pages"}],"about":[{"href":"https:\/\/decabildoabogados.es\/ca\/wp-json\/wp\/v2\/types\/page"}],"author":[{"embeddable":true,"href":"https:\/\/decabildoabogados.es\/ca\/wp-json\/wp\/v2\/users\/1"}],"replies":[{"embeddable":true,"href":"https:\/\/decabildoabogados.es\/ca\/wp-json\/wp\/v2\/comments?post=140"}],"version-history":[{"count":14,"href":"https:\/\/decabildoabogados.es\/ca\/wp-json\/wp\/v2\/pages\/140\/revisions"}],"predecessor-version":[{"id":545,"href":"https:\/\/decabildoabogados.es\/ca\/wp-json\/wp\/v2\/pages\/140\/revisions\/545"}],"wp:attachment":[{"href":"https:\/\/decabildoabogados.es\/ca\/wp-json\/wp\/v2\/media?parent=140"}],"curies":[{"name":"wp","href":"https:\/\/api.w.org\/{rel}","templated":true}]}}